{"id":2,"date":"2009-12-14T16:22:42","date_gmt":"2009-12-14T23:22:42","guid":{"rendered":"http:\/\/venerabilisbeda.plgo.info\/?page_id=2"},"modified":"2011-09-08T16:44:10","modified_gmt":"2011-09-08T23:44:10","slug":"about","status":"publish","type":"page","link":"http:\/\/venerabilisbeda.plgo.org\/?page_id=2","title":{"rendered":"About."},"content":{"rendered":"<p style=\"text-align: justify;\">Debo a Simitrio Quezada y a los excelentes amigos del grupo de Patrolog\u00eda que se me haya bautizado como &#8216;Patr\u00f3logo&#8217;.<\/p>\n<p style=\"text-align: justify;\">Apuntar\u00e9 que, muy a mi pesar, no lo soy.<\/p>\n<p style=\"text-align: justify;\">Me emociona la Patrolog\u00eda, los escritos de algunos Padres como Boecio y el Venerable Beda, am\u00e9n de minucias que me atrajeron desde mis d\u00edas de estudiante de humanidades.<\/p>\n<p style=\"text-align: justify;\">Lo que me alienta, y me empuja para mantener peque\u00f1os sitios como este, es precisamente el inter\u00e9s que sigue despertando ese campo en mi ser, y tambi\u00e9n el conocer y haber experimentado la desesperaci\u00f3n, la fatiga, el cansancio y desaz\u00f3n de buscar un libro o una referencia en la web y no encontrar sino despu\u00e9s de un sinf\u00edn de desvelos, una d\u00e9bil respuesta a los empe\u00f1os vertidos en esa labor de paciente diligencia.<\/p>\n<p style=\"text-align: justify;\">Mi trabajo o profesi\u00f3n poco tiene que ver con las humanidades, ni qu\u00e9 decir respecto a la Patrolog\u00eda. Pero mi trabajo o profesi\u00f3n es eso: lo que me da de comer y permite seguir sacando adelante a la familia. Lo que es mi vocaci\u00f3n, es decir, lo que nutre mi alma y mi esp\u00edritu es esto: el gusto por los escritos de los Padres, el gusto de la m\u00fasica, de la literatura, de la historia.<\/p>\n<p style=\"text-align: justify;\">Es por eso que este sitio puede ser visto m\u00e1s como una p\u00e1gina de tipo personal, bit\u00e1cora caprichosa, que como una \u00e1rida presentaci\u00f3n escolar de conocimientos, citas, materiales o fuentes de estudio.<\/p>\n<p style=\"text-align: justify;\">Espero que su paso por este sitio sea por lo menos placentero. Puede escribirme a la siguiente <a href=\"mailto:juanfrancisco_arriaga@yahoo.com\">direcci\u00f3n de correo<\/a>: me dar\u00e1 gusto contestar cualquier observaci\u00f3n que se me haga.<\/p>\n<p style=\"text-align: right;\"><strong>Gracias por su visita.<\/strong><\/p>\n<p style=\"text-align: right;\"><strong>Francisco Arriaga. <\/strong><\/p>\n","protected":false},"excerpt":{"rendered":"Debo a Simitrio Quezada y a los excelentes amigos del grupo de Patrolog\u00eda que se me haya bautizado como &#8216;Patr\u00f3logo&#8217;. Apuntar\u00e9 que, muy a mi pesar, no lo soy. Me emociona la Patrolog\u00eda, los escritos de algunos Padres como Boecio y el Venerable Beda, am\u00e9n de minucias que me atrajeron&hellip;\n","protected":false},"author":1,"featured_media":0,"parent":0,"menu_order":9,"comment_status":"closed","ping_status":"closed","template":"","meta":{"footnotes":""},"class_list":["post-2","page","type-page","status-publish","hentry"],"_links":{"self":[{"href":"http:\/\/venerabilisbeda.plgo.org\/index.php?rest_route=\/wp\/v2\/pages\/2"}],"collection":[{"href":"http:\/\/venerabilisbeda.plgo.org\/index.php?rest_route=\/wp\/v2\/pages"}],"about":[{"href":"http:\/\/venerabilisbeda.plgo.org\/index.php?rest_route=\/wp\/v2\/types\/page"}],"author":[{"embeddable":true,"href":"http:\/\/venerabilisbeda.plgo.org\/index.php?rest_route=\/wp\/v2\/users\/1"}],"replies":[{"embeddable":true,"href":"http:\/\/venerabilisbeda.plgo.org\/index.php?rest_route=%2Fwp%2Fv2%2Fcomments&post=2"}],"version-history":[{"count":4,"href":"http:\/\/venerabilisbeda.plgo.org\/index.php?rest_route=\/wp\/v2\/pages\/2\/revisions"}],"predecessor-version":[{"id":121,"href":"http:\/\/venerabilisbeda.plgo.org\/index.php?rest_route=\/wp\/v2\/pages\/2\/revisions\/121"}],"wp:attachment":[{"href":"http:\/\/venerabilisbeda.plgo.org\/index.php?rest_route=%2Fwp%2Fv2%2Fmedia&parent=2"}],"curies":[{"name":"wp","href":"https:\/\/api.w.org\/{rel}","templated":true}]}}