{"id":23,"date":"2009-12-15T00:48:02","date_gmt":"2009-12-15T07:48:02","guid":{"rendered":"http:\/\/venerabilisbeda.plgo.info\/?page_id=23"},"modified":"2009-12-15T11:28:36","modified_gmt":"2009-12-15T18:28:36","slug":"patrologi%c3%a6-tomus-xc-venerabilis-bed%c3%a6-tomus-primus","status":"publish","type":"page","link":"http:\/\/venerabilisbeda.plgo.org\/?page_id=23","title":{"rendered":"Patrologi\u00e6 Tomus XC. Venerabilis Bed\u00e6. Tomus Primus."},"content":{"rendered":"<blockquote>\n<p><a title='Link hacia este documento' href='http:\/\/gallica.bnf.fr\/ark:\/12148\/bpt6k5487376h'><img alt='Patrologiae cursus completus, sive Bibliotheca universalis, integra, uniformis, commoda, oeconomica omnium s. s. Patrum, doctorum scriptorumque ecclesiasticorum qui ab aevo apostolico ad usque Innocenti III tempora floruerunt.... Tome 1,S\u00e9rie 2 \/ accurante J.-P. Migne,...' src='http:\/\/gallica.bnf.fr\/ark:\/12148\/bpt6k5487376h.lowres' \/><br \/>Patrologiae cursus completus, sive Bibliotheca universalis, integra, uniformis, commoda, oeconomica omnium s. s. Patrum, doctorum scriptorumque ecclesiasticorum qui ab aevo apostolico ad usque Innocenti III tempora floruerunt&#8230;. Tome 1,S\u00e9rie 2 \/ accurante J.-P. Migne,&#8230; <br \/> Source: Biblioth\u00e8que nationale de France <\/a><\/p>\n<\/blockquote>\n<p>ELENCHUS OPERUM <\/p>\n<p>QU\u00c6 IN HOC TOMO XC CONTINENTUR. <\/p>\n<p>BED\u00c6 OPERA DIDASCALICA.<\/p>\n<p>Prolegomena amplissima. col. 9 <\/p>\n<p>De Orthographia. 123 <\/p>\n<p>De Arte metrica. 149<\/p>\n<p>De Natura rerum. 187 <\/p>\n<p>De Temporibus.  277 <\/p>\n<p>De Ratione temporum. 293 <\/p>\n<p>De Ratione computi. 579 <\/p>\n<p>De Celebratione pasch\u00e6. 599 <\/p>\n<p>De Ordinalione feriarum paschalium. 607 <\/p>\n<p>De Tonitruis. 609 <\/p>\n<p>Opuscuia dubia et spuria. 613 <\/p>\n<p><strong><\/p>\n<p align=\"right\">Ex typis MIGNE, au Petit-Montrouge.<\/p>\n<p><\/strong><\/p>\n","protected":false},"excerpt":{"rendered":"Patrologiae cursus completus, sive Bibliotheca universalis, integra, uniformis, commoda, oeconomica omnium s. s. Patrum, doctorum scriptorumque ecclesiasticorum qui ab aevo apostolico ad usque Innocenti III tempora floruerunt&#8230;. Tome 1,S\u00e9rie 2 \/ accurante J.-P. Migne,&#8230; Source: Biblioth\u00e8que nationale de France ELENCHUS OPERUM QU\u00c6 IN HOC TOMO XC CONTINENTUR. BED\u00c6 OPERA DIDASCALICA.&hellip;\n","protected":false},"author":1,"featured_media":0,"parent":7,"menu_order":1,"comment_status":"open","ping_status":"open","template":"","meta":{"footnotes":""},"class_list":["post-23","page","type-page","status-publish","hentry"],"_links":{"self":[{"href":"http:\/\/venerabilisbeda.plgo.org\/index.php?rest_route=\/wp\/v2\/pages\/23"}],"collection":[{"href":"http:\/\/venerabilisbeda.plgo.org\/index.php?rest_route=\/wp\/v2\/pages"}],"about":[{"href":"http:\/\/venerabilisbeda.plgo.org\/index.php?rest_route=\/wp\/v2\/types\/page"}],"author":[{"embeddable":true,"href":"http:\/\/venerabilisbeda.plgo.org\/index.php?rest_route=\/wp\/v2\/users\/1"}],"replies":[{"embeddable":true,"href":"http:\/\/venerabilisbeda.plgo.org\/index.php?rest_route=%2Fwp%2Fv2%2Fcomments&post=23"}],"version-history":[{"count":7,"href":"http:\/\/venerabilisbeda.plgo.org\/index.php?rest_route=\/wp\/v2\/pages\/23\/revisions"}],"predecessor-version":[{"id":31,"href":"http:\/\/venerabilisbeda.plgo.org\/index.php?rest_route=\/wp\/v2\/pages\/23\/revisions\/31"}],"up":[{"embeddable":true,"href":"http:\/\/venerabilisbeda.plgo.org\/index.php?rest_route=\/wp\/v2\/pages\/7"}],"wp:attachment":[{"href":"http:\/\/venerabilisbeda.plgo.org\/index.php?rest_route=%2Fwp%2Fv2%2Fmedia&parent=23"}],"curies":[{"name":"wp","href":"https:\/\/api.w.org\/{rel}","templated":true}]}}