{"id":53,"date":"2009-12-30T18:19:14","date_gmt":"2009-12-31T01:19:14","guid":{"rendered":"http:\/\/venerabilisbeda.plgo.info\/?page_id=53"},"modified":"2009-12-30T18:19:14","modified_gmt":"2009-12-31T01:19:14","slug":"patrologi%c3%a6-tomus-xciv-venerabilis-bed%c3%a6-tomus-quintus","status":"publish","type":"page","link":"http:\/\/venerabilisbeda.plgo.org\/?page_id=53","title":{"rendered":"Patrologi\u00e6 Tomus XCIV. Venerabilis Bed\u00e6. Tomus Quintus."},"content":{"rendered":"<p><iframe src='http:\/\/www.archive.org\/stream\/patrologiaecurs63unkngoog?ui=embed' width='480px' height='430px'><\/iframe><\/p>\n<blockquote><p><strong>S\u00c6CULUM VIII. ANNUS 730.ELENCHUS<\/p>\n<p>OPERUM QU\u00c6 IN HOC TOMO XCIV CONTINENTUR.<\/p>\n<p><\/strong><\/p>\n<h2>VENERABILIS BEDA.<\/h2>\n<p><strong>PARS TERTIA. &#8211; OPERA PAR\u00c6NETICA.<\/strong><\/p>\n<li>Sectio I. &#8211; HOMILI\u00c6.<\/li>\n<p>Homili\u00e6 genin\u00e6. Col. 9<br \/>\nHomili\u00e6 subdititi\u00e6. 267<\/p>\n<li>Sectio II. &#8211; ASCETICA.<\/li>\n<p>Libellus Precum. 515<br \/>\nDe Officiis Libellus ex quorumdam Patrum dictis excerptus. 531<br \/>\nExcerptiones Patrum, Collectanea, Flores ex diversis, Qu\u00e6stiones et Parabol\u00e6. 539<br \/>\nDe Meditatione Passionis Christi per septem diei horas. 561<br \/>\nDe Remediis peccatorum. 567<\/p>\n<li>Sectio III. &#8211; CARMINA.<\/li>\n<p>Vita metrica S. Cuthberti Lindisfarnensis episcopi. 575<br \/>\nPassio S. Justini Martyris. 595<br \/>\nMartyrologium poeticum. 603<br \/>\nHymni tredecim. 605<br \/>\nAppendix ad Carmina. 637<\/p>\n<li>Sectio IV. &#8211; EPISTOL\u00c6.<\/li>\n<p>Epistol\u00e6 sexdecim. 653<br \/>\nPARS QUARTA. &#8211; OPERA HISTORICA.<\/p>\n<li>Sectio I. &#8211; HAGIOGRAPHICA.<\/li>\n<p>Vita SS. Abbatum monasterii in Wiramutha et Girvum Benedicti, Ceolfridi, Easteruini, Sigfridi et Hu\u00e6tbercti. 711<br \/>\nVita prosaica S. Cuthberthi Lindisfarnensis episcopi. 729<br \/>\nVita B. Felicis confessoris. 789<\/p>\n<li>Sectio II. &#8211; MARTYROLOGIA.<\/li>\n<p>Martyrologia juxta exemplaria Coloniense et Bollandianum. 797<br \/>\nAppendices quatuor ad Martyrologia.<br \/>\nI. &#8211; Kalendarium Anglicanum, sive libellus annalis Ven. Bed\u00e6 1147<br \/>\nII. &#8211; Necrologium insertum Ven. Bed\u00e6 Martyrologio. 1157<br \/>\nIII. &#8211; Chronicon antiquissimum ex Palatinis membranis eductum. 1161<br \/>\nIV. &#8211; Chronicon breve a mundi exordio usque ad annum Christi DCCX, ex vetusto codice ms. Bed\u00e6 de Ratione temporum, qui fuit ecclesi\u00e6 seu monasterii Sancti Dionysii in Francia. 1173<br \/>\nDe Locis sanctis libellus, quem de opusculis majorum abbreviando Beda composuit. 1179<br \/>\nIndex Rerum. 1191<\/p>\n<p style=\"text-align: right;\"><strong>Parisiis. &#8211; Ex Typis J.-P. MIGNE.<\/strong><\/p>\n<\/blockquote>\n","protected":false},"excerpt":{"rendered":"S\u00c6CULUM VIII. ANNUS 730.ELENCHUS OPERUM QU\u00c6 IN HOC TOMO XCIV CONTINENTUR. VENERABILIS BEDA. PARS TERTIA. &#8211; OPERA PAR\u00c6NETICA. Sectio I. &#8211; HOMILI\u00c6. Homili\u00e6 genin\u00e6. Col. 9 Homili\u00e6 subdititi\u00e6. 267 Sectio II. &#8211; ASCETICA. Libellus Precum. 515 De Officiis Libellus ex quorumdam Patrum dictis excerptus. 531 Excerptiones Patrum, Collectanea, Flores ex&hellip;\n","protected":false},"author":1,"featured_media":0,"parent":7,"menu_order":5,"comment_status":"open","ping_status":"open","template":"","meta":{"footnotes":""},"class_list":["post-53","page","type-page","status-publish","hentry"],"_links":{"self":[{"href":"http:\/\/venerabilisbeda.plgo.org\/index.php?rest_route=\/wp\/v2\/pages\/53"}],"collection":[{"href":"http:\/\/venerabilisbeda.plgo.org\/index.php?rest_route=\/wp\/v2\/pages"}],"about":[{"href":"http:\/\/venerabilisbeda.plgo.org\/index.php?rest_route=\/wp\/v2\/types\/page"}],"author":[{"embeddable":true,"href":"http:\/\/venerabilisbeda.plgo.org\/index.php?rest_route=\/wp\/v2\/users\/1"}],"replies":[{"embeddable":true,"href":"http:\/\/venerabilisbeda.plgo.org\/index.php?rest_route=%2Fwp%2Fv2%2Fcomments&post=53"}],"version-history":[{"count":1,"href":"http:\/\/venerabilisbeda.plgo.org\/index.php?rest_route=\/wp\/v2\/pages\/53\/revisions"}],"predecessor-version":[{"id":54,"href":"http:\/\/venerabilisbeda.plgo.org\/index.php?rest_route=\/wp\/v2\/pages\/53\/revisions\/54"}],"up":[{"embeddable":true,"href":"http:\/\/venerabilisbeda.plgo.org\/index.php?rest_route=\/wp\/v2\/pages\/7"}],"wp:attachment":[{"href":"http:\/\/venerabilisbeda.plgo.org\/index.php?rest_route=%2Fwp%2Fv2%2Fmedia&parent=53"}],"curies":[{"name":"wp","href":"https:\/\/api.w.org\/{rel}","templated":true}]}}